{"id":746,"date":"2018-08-09T14:48:01","date_gmt":"2018-08-09T12:48:01","guid":{"rendered":"http:\/\/www.fattimagalvao.be\/arte\/product\/virgem-de-todos-os-povos\/"},"modified":"2019-08-06T15:47:56","modified_gmt":"2019-08-06T13:47:56","slug":"vierge-de-tous-les-peuples","status":"publish","type":"product","link":"https:\/\/www.fattimagalvao.be\/fr\/product\/vierge-de-tous-les-peuples\/","title":{"rendered":"Vierge de tous les peuples"},"content":{"rendered":"<p>[vc_row][vc_column][vc_column_text]Marie, M\u00e8re de tous les peuples, une image f\u00e9minine qui incarne toutes les vertus de l\u2019amour maternel universel, qui unit en douceur, toujours pr\u00eate \u00e0 tendre la main pleine de\u00a0 lumi\u00e8re \u00e0 celui qui en a besoin, qui lie les \u00eatres vivants avec les ind\u00e9l\u00e9biles liens de bont\u00e9, qui nourrit la graine divine qui existe en chacun de nous et qui s\u2019impose par sa grandeur de mani\u00e8re naturelle et g\u00e9n\u00e9reuse.<\/p>\n<p>Dans cette belle interpr\u00e9tation, nous voyons Marie plac\u00e9e au-dessus de tout et chacun dans son immense d\u00e9sir de paix (les colombes blanches \u00e0 ses pieds) apportant \u00e0 la plan\u00e8te une foisonnante renaissance pleine d&#8217;amour (fleurs printani\u00e8res).[\/vc_column_text][\/vc_column][\/vc_row][vc_row][vc_column][vc_column_text css=&#8221;.vc_custom_1534251547640{padding-top: 20px !important;padding-right: 5px !important;padding-bottom: 10px !important;padding-left: 5px !important;background-color: #f7f7f7 !important;}&#8221;]<div role=\"form\" class=\"wpcf7\" id=\"wpcf7-f910-o1\" lang=\"en-US\" dir=\"ltr\">\n<div class=\"screen-reader-response\"><p role=\"status\" aria-live=\"polite\" aria-atomic=\"true\"><\/p> <ul><\/ul><\/div>\n<form action=\"\/fr\/wp-json\/wp\/v2\/product\/746#wpcf7-f910-o1\" method=\"post\" class=\"wpcf7-form init\" novalidate=\"novalidate\" data-status=\"init\">\n<div style=\"display: none;\">\n<input type=\"hidden\" name=\"_wpcf7\" value=\"910\" \/>\n<input type=\"hidden\" name=\"_wpcf7_version\" value=\"5.3.2\" \/>\n<input type=\"hidden\" name=\"_wpcf7_locale\" value=\"en_US\" \/>\n<input type=\"hidden\" name=\"_wpcf7_unit_tag\" value=\"wpcf7-f910-o1\" \/>\n<input type=\"hidden\" name=\"_wpcf7_container_post\" value=\"0\" \/>\n<input type=\"hidden\" name=\"_wpcf7_posted_data_hash\" value=\"\" \/>\n<input type=\"hidden\" name=\"_wpcf7_recaptcha_response\" value=\"\" \/>\n<\/div>\n<div class='dt-sc-toggle-group-set  '><h5 class='dt-sc-toggle'><a href='#'>Cela m'int\u00e9resse!<\/a><\/h5><div class=\"dt-sc-toggle-content\" style=\"display: none;\"><div class=\"block\"><p>Si vous souhaitez obtenir plus d'informations sur cette oeuvre, veuillez s'il vous pla\u00eet remplir le formulaire ci-dessous: <\/p>\n<p><label> Nom (Champ obligatoire)\n    <span class=\"wpcf7-form-control-wrap your-name\"><input type=\"text\" name=\"your-name\" value=\"\" size=\"40\" class=\"wpcf7-form-control wpcf7-text wpcf7-validates-as-required\" aria-required=\"true\" aria-invalid=\"false\" \/><\/span> <\/label><\/p>\n<p><label> Email (Champ obligatoire)\n    <span class=\"wpcf7-form-control-wrap your-email\"><input type=\"email\" name=\"your-email\" value=\"\" size=\"40\" class=\"wpcf7-form-control wpcf7-text wpcf7-email wpcf7-validates-as-required wpcf7-validates-as-email\" aria-required=\"true\" aria-invalid=\"false\" \/><\/span> <\/label><\/p>\n<p><label> T\u00e9l\u00e9phone\n    <span class=\"wpcf7-form-control-wrap Telefone\"><input type=\"tel\" name=\"Telefone\" value=\"\" size=\"40\" class=\"wpcf7-form-control wpcf7-text wpcf7-tel wpcf7-validates-as-tel\" aria-invalid=\"false\" \/><\/span> <\/label><\/p>\n<p><label>Titre de la peinture (Champ obligatoire)\n<span class=\"wpcf7-form-control-wrap Titulodapintura\"><input type=\"text\" name=\"Titulodapintura\" value=\"\" size=\"40\" class=\"wpcf7-form-control wpcf7-text wpcf7-validates-as-required\" aria-required=\"true\" aria-invalid=\"false\" \/><\/span><\/label><\/p>\n<p><label> Commentaire\n    <span class=\"wpcf7-form-control-wrap your-message\"><textarea name=\"your-message\" cols=\"40\" rows=\"10\" class=\"wpcf7-form-control wpcf7-textarea\" aria-invalid=\"false\"><\/textarea><\/span> <\/label><\/p>\n\n<p><input type=\"submit\" value=\"Envoyer\" class=\"wpcf7-form-control wpcf7-submit\" \/><\/p><\/div><\/div><\/div>\n<div class=\"wpcf7-response-output\" aria-hidden=\"true\"><\/div><\/form><\/div>[\/vc_column_text][\/vc_column][\/vc_row]<\/p>\n","protected":false},"excerpt":{"rendered":"<p><span style=\"font-weight: 400;\">Marie, M\u00e8re de tous les peuples, une image f\u00e9minine qui incarne toutes les vertus de l\u2019amour maternel universel, qui unit en douceur, toujours pr\u00eate \u00e0 tendre la main pleine de \u00a0lumi\u00e8re \u00e0 celui qui en a besoin, qui lie les \u00eatres vivants avec les ind\u00e9l\u00e9biles liens de bont\u00e9, qui nourrit la graine divine qui existe en chacun de nous et qui s\u2019impose par sa grandeur de mani\u00e8re naturelle et g\u00e9n\u00e9reuse.<\/span><\/p>\n[cela_interesse]\n","protected":false},"featured_media":122,"comment_status":"open","ping_status":"closed","template":"","meta":[],"_links":{"self":[{"href":"https:\/\/www.fattimagalvao.be\/fr\/wp-json\/wp\/v2\/product\/746"}],"collection":[{"href":"https:\/\/www.fattimagalvao.be\/fr\/wp-json\/wp\/v2\/product"}],"about":[{"href":"https:\/\/www.fattimagalvao.be\/fr\/wp-json\/wp\/v2\/types\/product"}],"replies":[{"embeddable":true,"href":"https:\/\/www.fattimagalvao.be\/fr\/wp-json\/wp\/v2\/comments?post=746"}],"wp:featuredmedia":[{"embeddable":true,"href":"https:\/\/www.fattimagalvao.be\/fr\/wp-json\/wp\/v2\/media\/122"}],"wp:attachment":[{"href":"https:\/\/www.fattimagalvao.be\/fr\/wp-json\/wp\/v2\/media?parent=746"}],"curies":[{"name":"wp","href":"https:\/\/api.w.org\/{rel}","templated":true}]}}