{"id":758,"date":"2008-08-09T14:40:58","date_gmt":"2008-08-09T12:40:58","guid":{"rendered":"http:\/\/www.fattimagalvao.be\/arte\/product\/criancas-do-coral-preparando-a-procissao\/"},"modified":"2019-08-06T15:58:44","modified_gmt":"2019-08-06T13:58:44","slug":"enfants-du-choeur-preparant-la-procession","status":"publish","type":"product","link":"https:\/\/www.fattimagalvao.be\/fr\/product\/enfants-du-choeur-preparant-la-procession\/","title":{"rendered":"Enfants du choeur pr\u00e9parant la procession"},"content":{"rendered":"<p>[vc_row][vc_column][vc_column_text]Peuple religieux dans leur essence, avec la grandeur d\u2019une foi pleine de nuances n\u00e9es d\u2019un syncr\u00e9tisme religieux extr\u00eamement riche, \u00eatre choisi pour porter une image, en particulier celle de Notre-Dame, est une source de fiert\u00e9 et inspire le plus\u00a0 grand respect de la Communaut\u00e9.<\/p>\n<p>Les chants et les litanies accompagnent chaque \u00e9tape du parcours \u00e0 mener, conduisant chacun des participants de la procession \u00e0 se sentir unis et li\u00e9s par un sentiment plus noble.<\/p>\n<p>Avec des couleurs vibrantes et une joie \u00e9vidente, cette toile traduit une joie immense et une mani\u00e8re de vivre la religiosit\u00e9 sans barri\u00e8res ni interdits. Elle fait partie int\u00e9grante de la vie quotidienne et constitue un \u00e9l\u00e9ment d&#8217;int\u00e9gration des peuples et des cultures qui ne font qu&#8217;un, sans perdre leurs identit\u00e9s particuli\u00e8res.[\/vc_column_text][\/vc_column][\/vc_row][vc_row][vc_column][vc_column_text css=&#8221;.vc_custom_1534251547640{padding-top: 20px !important;padding-right: 5px !important;padding-bottom: 10px !important;padding-left: 5px !important;background-color: #f7f7f7 !important;}&#8221;]<div role=\"form\" class=\"wpcf7\" id=\"wpcf7-f910-o1\" lang=\"en-US\" dir=\"ltr\">\n<div class=\"screen-reader-response\"><p role=\"status\" aria-live=\"polite\" aria-atomic=\"true\"><\/p> <ul><\/ul><\/div>\n<form action=\"\/fr\/wp-json\/wp\/v2\/product\/758#wpcf7-f910-o1\" method=\"post\" class=\"wpcf7-form init\" novalidate=\"novalidate\" data-status=\"init\">\n<div style=\"display: none;\">\n<input type=\"hidden\" name=\"_wpcf7\" value=\"910\" \/>\n<input type=\"hidden\" name=\"_wpcf7_version\" value=\"5.3.2\" \/>\n<input type=\"hidden\" name=\"_wpcf7_locale\" value=\"en_US\" \/>\n<input type=\"hidden\" name=\"_wpcf7_unit_tag\" value=\"wpcf7-f910-o1\" \/>\n<input type=\"hidden\" name=\"_wpcf7_container_post\" value=\"0\" \/>\n<input type=\"hidden\" name=\"_wpcf7_posted_data_hash\" value=\"\" \/>\n<input type=\"hidden\" name=\"_wpcf7_recaptcha_response\" value=\"\" \/>\n<\/div>\n<div class='dt-sc-toggle-group-set  '><h5 class='dt-sc-toggle'><a href='#'>Cela m'int\u00e9resse!<\/a><\/h5><div class=\"dt-sc-toggle-content\" style=\"display: none;\"><div class=\"block\"><p>Si vous souhaitez obtenir plus d'informations sur cette oeuvre, veuillez s'il vous pla\u00eet remplir le formulaire ci-dessous: <\/p>\n<p><label> Nom (Champ obligatoire)\n    <span class=\"wpcf7-form-control-wrap your-name\"><input type=\"text\" name=\"your-name\" value=\"\" size=\"40\" class=\"wpcf7-form-control wpcf7-text wpcf7-validates-as-required\" aria-required=\"true\" aria-invalid=\"false\" \/><\/span> <\/label><\/p>\n<p><label> Email (Champ obligatoire)\n    <span class=\"wpcf7-form-control-wrap your-email\"><input type=\"email\" name=\"your-email\" value=\"\" size=\"40\" class=\"wpcf7-form-control wpcf7-text wpcf7-email wpcf7-validates-as-required wpcf7-validates-as-email\" aria-required=\"true\" aria-invalid=\"false\" \/><\/span> <\/label><\/p>\n<p><label> T\u00e9l\u00e9phone\n    <span class=\"wpcf7-form-control-wrap Telefone\"><input type=\"tel\" name=\"Telefone\" value=\"\" size=\"40\" class=\"wpcf7-form-control wpcf7-text wpcf7-tel wpcf7-validates-as-tel\" aria-invalid=\"false\" \/><\/span> <\/label><\/p>\n<p><label>Titre de la peinture (Champ obligatoire)\n<span class=\"wpcf7-form-control-wrap Titulodapintura\"><input type=\"text\" name=\"Titulodapintura\" value=\"\" size=\"40\" class=\"wpcf7-form-control wpcf7-text wpcf7-validates-as-required\" aria-required=\"true\" aria-invalid=\"false\" \/><\/span><\/label><\/p>\n<p><label> Commentaire\n    <span class=\"wpcf7-form-control-wrap your-message\"><textarea name=\"your-message\" cols=\"40\" rows=\"10\" class=\"wpcf7-form-control wpcf7-textarea\" aria-invalid=\"false\"><\/textarea><\/span> <\/label><\/p>\n\n<p><input type=\"submit\" value=\"Envoyer\" class=\"wpcf7-form-control wpcf7-submit\" \/><\/p><\/div><\/div><\/div>\n<div class=\"wpcf7-response-output\" aria-hidden=\"true\"><\/div><\/form><\/div>[\/vc_column_text][\/vc_column][\/vc_row]<\/p>\n","protected":false},"excerpt":{"rendered":"<p><span style=\"font-weight: 400;\">Peuple religieux dans leur essence, avec la grandeur d\u2019une foi pleine de nuances n\u00e9es d\u2019un syncr\u00e9tisme religieux extr\u00eamement riche, \u00eatre choisi pour porter une image, en particulier celle de Notre-Dame, est une source de fiert\u00e9 et inspire le plus\u00a0 grand respect de la Communaut\u00e9.<\/span><\/p>\n[cela_interesse]\n","protected":false},"featured_media":110,"comment_status":"open","ping_status":"closed","template":"","meta":[],"_links":{"self":[{"href":"https:\/\/www.fattimagalvao.be\/fr\/wp-json\/wp\/v2\/product\/758"}],"collection":[{"href":"https:\/\/www.fattimagalvao.be\/fr\/wp-json\/wp\/v2\/product"}],"about":[{"href":"https:\/\/www.fattimagalvao.be\/fr\/wp-json\/wp\/v2\/types\/product"}],"replies":[{"embeddable":true,"href":"https:\/\/www.fattimagalvao.be\/fr\/wp-json\/wp\/v2\/comments?post=758"}],"wp:featuredmedia":[{"embeddable":true,"href":"https:\/\/www.fattimagalvao.be\/fr\/wp-json\/wp\/v2\/media\/110"}],"wp:attachment":[{"href":"https:\/\/www.fattimagalvao.be\/fr\/wp-json\/wp\/v2\/media?parent=758"}],"curies":[{"name":"wp","href":"https:\/\/api.w.org\/{rel}","templated":true}]}}