{"id":994,"date":"2019-08-05T18:32:10","date_gmt":"2019-08-05T16:32:10","guid":{"rendered":"http:\/\/www.fattimagalvao.be\/arte\/product\/colheita-de-tomates\/"},"modified":"2019-08-06T15:13:28","modified_gmt":"2019-08-06T13:13:28","slug":"colheita-de-tomates","status":"publish","type":"product","link":"https:\/\/www.fattimagalvao.be\/fr\/product\/colheita-de-tomates\/","title":{"rendered":"Colheita de tomates"},"content":{"rendered":"<p>[vc_row][vc_column][vc_column_text]Plante essentiellement ornementale pendant longtemps dans l&#8217;histoire de l&#8217;humanit\u00e9, ce n&#8217;est qu&#8217;\u00e0 partir du XIXe si\u00e8cle que la tomate a \u00e9t\u00e9 accept\u00e9e comme aliment.<\/p>\n<p>Dans leur lutte pour la survie, de nombreuses femmes se consacrent \u00e0 la r\u00e9colte des tomates sauvages, assurant ainsi un soutien familial.<\/p>\n<p>&nbsp;<\/p>\n<p>Sous la magie des rayons multicolores qui jaillissent de leurs pinceaux, Fattima Galv\u00e3o d\u00e9peint comme nulle autre la r\u00e9alit\u00e9 de cette immense population de guerriers imbattables ![\/vc_column_text][\/vc_column][\/vc_row][vc_row][vc_column][vc_column_text css=&#8221;.vc_custom_1534251547640{padding-top: 20px !important;padding-right: 5px !important;padding-bottom: 10px !important;padding-left: 5px !important;background-color: #f7f7f7 !important;}&#8221;]<div role=\"form\" class=\"wpcf7\" id=\"wpcf7-f910-o1\" lang=\"en-US\" dir=\"ltr\">\n<div class=\"screen-reader-response\"><p role=\"status\" aria-live=\"polite\" aria-atomic=\"true\"><\/p> <ul><\/ul><\/div>\n<form action=\"\/fr\/wp-json\/wp\/v2\/product\/994#wpcf7-f910-o1\" method=\"post\" class=\"wpcf7-form init\" novalidate=\"novalidate\" data-status=\"init\">\n<div style=\"display: none;\">\n<input type=\"hidden\" name=\"_wpcf7\" value=\"910\" \/>\n<input type=\"hidden\" name=\"_wpcf7_version\" value=\"5.3.2\" \/>\n<input type=\"hidden\" name=\"_wpcf7_locale\" value=\"en_US\" \/>\n<input type=\"hidden\" name=\"_wpcf7_unit_tag\" value=\"wpcf7-f910-o1\" \/>\n<input type=\"hidden\" name=\"_wpcf7_container_post\" value=\"0\" \/>\n<input type=\"hidden\" name=\"_wpcf7_posted_data_hash\" value=\"\" \/>\n<input type=\"hidden\" name=\"_wpcf7_recaptcha_response\" value=\"\" \/>\n<\/div>\n<div class='dt-sc-toggle-group-set  '><h5 class='dt-sc-toggle'><a href='#'>Cela m'int\u00e9resse!<\/a><\/h5><div class=\"dt-sc-toggle-content\" style=\"display: none;\"><div class=\"block\"><p>Si vous souhaitez obtenir plus d'informations sur cette oeuvre, veuillez s'il vous pla\u00eet remplir le formulaire ci-dessous: <\/p>\n<p><label> Nom (Champ obligatoire)\n    <span class=\"wpcf7-form-control-wrap your-name\"><input type=\"text\" name=\"your-name\" value=\"\" size=\"40\" class=\"wpcf7-form-control wpcf7-text wpcf7-validates-as-required\" aria-required=\"true\" aria-invalid=\"false\" \/><\/span> <\/label><\/p>\n<p><label> Email (Champ obligatoire)\n    <span class=\"wpcf7-form-control-wrap your-email\"><input type=\"email\" name=\"your-email\" value=\"\" size=\"40\" class=\"wpcf7-form-control wpcf7-text wpcf7-email wpcf7-validates-as-required wpcf7-validates-as-email\" aria-required=\"true\" aria-invalid=\"false\" \/><\/span> <\/label><\/p>\n<p><label> T\u00e9l\u00e9phone\n    <span class=\"wpcf7-form-control-wrap Telefone\"><input type=\"tel\" name=\"Telefone\" value=\"\" size=\"40\" class=\"wpcf7-form-control wpcf7-text wpcf7-tel wpcf7-validates-as-tel\" aria-invalid=\"false\" \/><\/span> <\/label><\/p>\n<p><label>Titre de la peinture (Champ obligatoire)\n<span class=\"wpcf7-form-control-wrap Titulodapintura\"><input type=\"text\" name=\"Titulodapintura\" value=\"\" size=\"40\" class=\"wpcf7-form-control wpcf7-text wpcf7-validates-as-required\" aria-required=\"true\" aria-invalid=\"false\" \/><\/span><\/label><\/p>\n<p><label> Commentaire\n    <span class=\"wpcf7-form-control-wrap your-message\"><textarea name=\"your-message\" cols=\"40\" rows=\"10\" class=\"wpcf7-form-control wpcf7-textarea\" aria-invalid=\"false\"><\/textarea><\/span> <\/label><\/p>\n\n<p><input type=\"submit\" value=\"Envoyer\" class=\"wpcf7-form-control wpcf7-submit\" \/><\/p><\/div><\/div><\/div>\n<div class=\"wpcf7-response-output\" aria-hidden=\"true\"><\/div><\/form><\/div>[\/vc_column_text][\/vc_column][\/vc_row]<\/p>\n","protected":false},"excerpt":{"rendered":"<p>Plante essentiellement ornementale pendant longtemps dans l&#8217;histoire de l&#8217;humanit\u00e9, ce n&#8217;est qu&#8217;\u00e0 partir du XIXe si\u00e8cle que la tomate a \u00e9t\u00e9 accept\u00e9e comme aliment.<\/p>\n[cela_interesse]\n","protected":false},"featured_media":992,"comment_status":"open","ping_status":"closed","template":"","meta":[],"_links":{"self":[{"href":"https:\/\/www.fattimagalvao.be\/fr\/wp-json\/wp\/v2\/product\/994"}],"collection":[{"href":"https:\/\/www.fattimagalvao.be\/fr\/wp-json\/wp\/v2\/product"}],"about":[{"href":"https:\/\/www.fattimagalvao.be\/fr\/wp-json\/wp\/v2\/types\/product"}],"replies":[{"embeddable":true,"href":"https:\/\/www.fattimagalvao.be\/fr\/wp-json\/wp\/v2\/comments?post=994"}],"wp:featuredmedia":[{"embeddable":true,"href":"https:\/\/www.fattimagalvao.be\/fr\/wp-json\/wp\/v2\/media\/992"}],"wp:attachment":[{"href":"https:\/\/www.fattimagalvao.be\/fr\/wp-json\/wp\/v2\/media?parent=994"}],"curies":[{"name":"wp","href":"https:\/\/api.w.org\/{rel}","templated":true}]}}